{"id":24,"date":"2024-06-14T17:44:49","date_gmt":"2024-06-14T17:44:49","guid":{"rendered":"https:\/\/podemosrepararlo.es\/?page_id=24"},"modified":"2024-12-10T18:26:38","modified_gmt":"2024-12-10T18:26:38","slug":"sobre-mi","status":"publish","type":"page","link":"https:\/\/podemosrepararlo.es\/index.php\/sobre-mi\/","title":{"rendered":"Sobre mi"},"content":{"rendered":"\n<p class=\"wp-block-paragraph\">Soy Cristian Llorca. Mi pasi\u00f3n por la tecnolog\u00eda comenz\u00f3 en la d\u00e9cada de los 90, en un lugar poco convencional: la chatarrer\u00eda del padre de un amigo. <br>All\u00ed, entre piezas sueltas y tornillos, desmont\u00e1bamos televisores, lavadoras, radiocasetes, VHS y cualquier aparato electr\u00f3nico que llegase a nuestras manos.<br>Desde peque\u00f1o, sent\u00ed una profunda curiosidad por entender las entra\u00f1as de esos dispositivos que parec\u00edan tan complejos.<\/p>\n\n\n\n<p class=\"wp-block-paragraph\">Con los a\u00f1os, transform\u00e9 esa curiosidad en mi profesi\u00f3n.<br>Me form\u00e9 en el campo de la tecnolog\u00eda y las reparaciones, y hoy sigo en constante aprendizaje.<br>Me esfuerzo por estar a la vanguardia, aprendiendo de los mejores profesionales del mundo, lo que me ha permitido especializarme en \u00e1reas como la microsoldadura.<\/p>\n\n\n\n<p class=\"wp-block-paragraph\">Mi misi\u00f3n es clara: contribuir a un mundo m\u00e1s sostenible, reparando y dando una segunda vida a tus dispositivos. Para m\u00ed, cada reparaci\u00f3n es una oportunidad de cuidar el planeta y demostrar que la tecnolog\u00eda puede ser parte de la soluci\u00f3n.<\/p>\n\n\n\n<div class=\"wp-block-uagb-image aligncenter uagb-block-d8045cf2 wp-block-uagb-image--layout-default wp-block-uagb-image--effect-static wp-block-uagb-image--align-center\"><figure class=\"wp-block-uagb-image__figure\"><img loading=\"lazy\" decoding=\"async\" srcset=\"https:\/\/podemosrepararlo.es\/wp-content\/uploads\/2024\/12\/cris-sobre-mi.v3.png ,https:\/\/podemosrepararlo.es\/wp-content\/uploads\/2024\/12\/cris-sobre-mi.v3.png 780w, https:\/\/podemosrepararlo.es\/wp-content\/uploads\/2024\/12\/cris-sobre-mi.v3.png 360w\" sizes=\"auto, (max-width: 480px) 150px\" src=\"https:\/\/podemosrepararlo.es\/wp-content\/uploads\/2024\/12\/cris-sobre-mi.v3.png\" alt=\"\" class=\"uag-image-114\" width=\"244\" height=\"222\" title=\"cris sobre mi.v3\" loading=\"lazy\" role=\"img\"\/><\/figure><\/div>\n","protected":false},"excerpt":{"rendered":"<p>Soy Cristian Llorca. Mi pasi\u00f3n por la tecnolog\u00eda comenz\u00f3 en la d\u00e9cada de los 90, en un lugar poco convencional: la chatarrer\u00eda del padre de un amigo. All\u00ed, entre piezas sueltas y tornillos, desmont\u00e1bamos televisores, lavadoras, radiocasetes, VHS y cualquier aparato electr\u00f3nico que llegase a nuestras manos.Desde peque\u00f1o, sent\u00ed una profunda curiosidad por entender las<span class=\"post-excerpt-end\">&hellip;<\/span><\/p>\n<p class=\"more-link\"><a href=\"https:\/\/podemosrepararlo.es\/index.php\/sobre-mi\/\" class=\"themebutton\">Leer m\u00e1s<\/a><\/p>\n","protected":false},"author":1,"featured_media":0,"parent":0,"menu_order":0,"comment_status":"closed","ping_status":"closed","template":"","meta":{"_crdt_document":"","_uag_custom_page_level_css":"","footnotes":""},"class_list":["post-24","page","type-page","status-publish","hentry"],"uagb_featured_image_src":{"full":false,"thumbnail":false,"medium":false,"medium_large":false,"large":false,"1536x1536":false,"2048x2048":false,"shuttle-column1-1\/3":false,"shuttle-column1-1\/4":false,"shuttle-column2-1\/2":false,"shuttle-column2-2\/3":false,"shuttle-column3-1\/3":false,"shuttle-column3-2\/3":false,"shuttle-column4-2\/3":false},"uagb_author_info":{"display_name":"admin","author_link":"https:\/\/podemosrepararlo.es\/index.php\/author\/i303185\/"},"uagb_comment_info":0,"uagb_excerpt":"Soy Cristian Llorca. Mi pasi\u00f3n por la tecnolog\u00eda comenz\u00f3 en la d\u00e9cada de los 90, en un lugar poco convencional: la chatarrer\u00eda del padre de un amigo. All\u00ed, entre piezas sueltas y tornillos, desmont\u00e1bamos televisores, lavadoras, radiocasetes, VHS y cualquier aparato electr\u00f3nico que llegase a nuestras manos.Desde peque\u00f1o, sent\u00ed una profunda curiosidad por entender las&hellip;Leer&hellip;","_links":{"self":[{"href":"https:\/\/podemosrepararlo.es\/index.php\/wp-json\/wp\/v2\/pages\/24","targetHints":{"allow":["GET"]}}],"collection":[{"href":"https:\/\/podemosrepararlo.es\/index.php\/wp-json\/wp\/v2\/pages"}],"about":[{"href":"https:\/\/podemosrepararlo.es\/index.php\/wp-json\/wp\/v2\/types\/page"}],"author":[{"embeddable":true,"href":"https:\/\/podemosrepararlo.es\/index.php\/wp-json\/wp\/v2\/users\/1"}],"replies":[{"embeddable":true,"href":"https:\/\/podemosrepararlo.es\/index.php\/wp-json\/wp\/v2\/comments?post=24"}],"version-history":[{"count":10,"href":"https:\/\/podemosrepararlo.es\/index.php\/wp-json\/wp\/v2\/pages\/24\/revisions"}],"predecessor-version":[{"id":117,"href":"https:\/\/podemosrepararlo.es\/index.php\/wp-json\/wp\/v2\/pages\/24\/revisions\/117"}],"wp:attachment":[{"href":"https:\/\/podemosrepararlo.es\/index.php\/wp-json\/wp\/v2\/media?parent=24"}],"curies":[{"name":"wp","href":"https:\/\/api.w.org\/{rel}","templated":true}]}}