{"id":43,"date":"2024-06-14T18:07:27","date_gmt":"2024-06-14T18:07:27","guid":{"rendered":"https:\/\/podemosrepararlo.es\/?page_id=43"},"modified":"2024-06-14T18:32:07","modified_gmt":"2024-06-14T18:32:07","slug":"politica-de-cookies","status":"publish","type":"page","link":"https:\/\/podemosrepararlo.es\/index.php\/politica-de-cookies\/","title":{"rendered":"Pol\u00edtica de cookies"},"content":{"rendered":"\n<h2 class=\"wp-block-heading\">Pol\u00edtica de Cookies<\/h2>\n\n\n\n<p class=\"wp-block-paragraph\"><strong>Fecha de entrada en vigor: 14 de junio de 2024<\/strong><\/p>\n\n\n\n<p class=\"wp-block-paragraph\">En <a href=\"http:\/\/www.podemosreparalo.es\">www.podemosreparalo.es<\/a> utilizamos cookies para mejorar su experiencia de navegaci\u00f3n y asegurar el correcto funcionamiento de nuestro sitio web. A continuaci\u00f3n, detallamos qu\u00e9 son las cookies, los tipos que utilizamos y c\u00f3mo puede gestionarlas.<\/p>\n\n\n\n<h3 class=\"wp-block-heading\">\u00bfQu\u00e9 son las Cookies?<\/h3>\n\n\n\n<p class=\"wp-block-paragraph\">Las cookies son peque\u00f1os archivos de texto que se almacenan en su dispositivo cuando visita nuestro sitio web. Estas cookies ayudan a nuestro sitio a recordar sus preferencias y mejorar su experiencia en futuras visitas.<\/p>\n\n\n\n<h3 class=\"wp-block-heading\">Tipos de Cookies Utilizadas<\/h3>\n\n\n\n<h4 class=\"wp-block-heading\">Cookies Esenciales<\/h4>\n\n\n\n<p class=\"wp-block-paragraph\">Estas cookies son necesarias para el funcionamiento b\u00e1sico del sitio web. Sin estas cookies, el sitio no puede funcionar correctamente.<\/p>\n\n\n\n<h4 class=\"wp-block-heading\">Cookies de Rendimiento<\/h4>\n\n\n\n<p class=\"wp-block-paragraph\">Utilizamos cookies de rendimiento para recopilar informaci\u00f3n sobre c\u00f3mo los visitantes utilizan nuestro sitio web. Estas cookies no recopilan informaci\u00f3n que identifique a un visitante. Toda la informaci\u00f3n recopilada es agregada y, por lo tanto, an\u00f3nima. Estas cookies se utilizan \u00fanicamente para mejorar el funcionamiento del sitio web.<\/p>\n\n\n\n<h4 class=\"wp-block-heading\">Cookies de Funcionalidad<\/h4>\n\n\n\n<p class=\"wp-block-paragraph\">Estas cookies permiten al sitio web recordar las elecciones que realiza (como su nombre de usuario, idioma o la regi\u00f3n en la que se encuentra) y proporcionar caracter\u00edsticas mejoradas y m\u00e1s personales.<\/p>\n\n\n\n<h3 class=\"wp-block-heading\">Cookies de Terceros<\/h3>\n\n\n\n<p class=\"wp-block-paragraph\">Nuestro sitio web puede utilizar servicios de terceros que, en nuestro nombre, recopilan informaci\u00f3n para realizar estudios de audiencia, ofrecerle publicidad personalizada o mejorar el funcionamiento de la web. Por ejemplo:<\/p>\n\n\n\n<ul class=\"wp-block-list\">\n<li><strong>Google Analytics<\/strong>: Para analizar el uso del sitio web y mejorar la experiencia del usuario.<\/li>\n<\/ul>\n\n\n\n<h3 class=\"wp-block-heading\">Gesti\u00f3n de Cookies<\/h3>\n\n\n\n<p class=\"wp-block-paragraph\">Puede gestionar o desactivar las cookies a trav\u00e9s de la configuraci\u00f3n de su navegador. A continuaci\u00f3n, le proporcionamos enlaces a las instrucciones para gestionar las cookies en los navegadores m\u00e1s comunes:<\/p>\n\n\n\n<ul class=\"wp-block-list\">\n<li><a>Google Chrome<\/a><\/li>\n\n\n\n<li><a href=\"https:\/\/support.mozilla.org\/es\/kb\/habilitar-y-deshabilitar-cookies-sitios-web-rastrear-preferencias\">Mozilla Firefox<\/a><\/li>\n\n\n\n<li><a href=\"https:\/\/support.apple.com\/es-es\/guide\/safari\/sfri11471\/mac\">Safari<\/a><\/li>\n\n\n\n<li><a href=\"https:\/\/support.microsoft.com\/es-es\/help\/17442\/windows-internet-explorer-delete-manage-cookies\">Internet Explorer<\/a><\/li>\n<\/ul>\n\n\n\n<h3 class=\"wp-block-heading\">Consentimiento de Cookies<\/h3>\n\n\n\n<p class=\"wp-block-paragraph\">Al utilizar nuestro sitio web, usted acepta el uso de cookies de acuerdo con esta pol\u00edtica de cookies. Puede retirar su consentimiento en cualquier momento eliminando las cookies a trav\u00e9s de la configuraci\u00f3n de su navegador y desactivando su uso.<\/p>\n\n\n\n<h3 class=\"wp-block-heading\">Contacto<\/h3>\n\n\n\n<p class=\"wp-block-paragraph\">Para cualquier consulta sobre nuestra pol\u00edtica de cookies, puede ponerse en contacto con nosotros en <a>podemosreparalo@gmail.com<\/a>.<\/p>\n","protected":false},"excerpt":{"rendered":"<p>Pol\u00edtica de Cookies Fecha de entrada en vigor: 14 de junio de 2024 En www.podemosreparalo.es utilizamos cookies para mejorar su experiencia de navegaci\u00f3n y asegurar el correcto funcionamiento de nuestro sitio web. A continuaci\u00f3n, detallamos qu\u00e9 son las cookies, los tipos que utilizamos y c\u00f3mo puede gestionarlas. \u00bfQu\u00e9 son las Cookies? Las cookies son peque\u00f1os<span class=\"post-excerpt-end\">&hellip;<\/span><\/p>\n<p class=\"more-link\"><a href=\"https:\/\/podemosrepararlo.es\/index.php\/politica-de-cookies\/\" class=\"themebutton\">Leer m\u00e1s<\/a><\/p>\n","protected":false},"author":1,"featured_media":0,"parent":0,"menu_order":0,"comment_status":"closed","ping_status":"closed","template":"","meta":{"_crdt_document":"","_uag_custom_page_level_css":"","footnotes":""},"class_list":["post-43","page","type-page","status-publish","hentry"],"uagb_featured_image_src":{"full":false,"thumbnail":false,"medium":false,"medium_large":false,"large":false,"1536x1536":false,"2048x2048":false,"shuttle-column1-1\/3":false,"shuttle-column1-1\/4":false,"shuttle-column2-1\/2":false,"shuttle-column2-2\/3":false,"shuttle-column3-1\/3":false,"shuttle-column3-2\/3":false,"shuttle-column4-2\/3":false},"uagb_author_info":{"display_name":"admin","author_link":"https:\/\/podemosrepararlo.es\/index.php\/author\/i303185\/"},"uagb_comment_info":0,"uagb_excerpt":"Pol\u00edtica de Cookies Fecha de entrada en vigor: 14 de junio de 2024 En www.podemosreparalo.es utilizamos cookies para mejorar su experiencia de navegaci\u00f3n y asegurar el correcto funcionamiento de nuestro sitio web. A continuaci\u00f3n, detallamos qu\u00e9 son las cookies, los tipos que utilizamos y c\u00f3mo puede gestionarlas. \u00bfQu\u00e9 son las Cookies? Las cookies son peque\u00f1os&hellip;Leer&hellip;","_links":{"self":[{"href":"https:\/\/podemosrepararlo.es\/index.php\/wp-json\/wp\/v2\/pages\/43","targetHints":{"allow":["GET"]}}],"collection":[{"href":"https:\/\/podemosrepararlo.es\/index.php\/wp-json\/wp\/v2\/pages"}],"about":[{"href":"https:\/\/podemosrepararlo.es\/index.php\/wp-json\/wp\/v2\/types\/page"}],"author":[{"embeddable":true,"href":"https:\/\/podemosrepararlo.es\/index.php\/wp-json\/wp\/v2\/users\/1"}],"replies":[{"embeddable":true,"href":"https:\/\/podemosrepararlo.es\/index.php\/wp-json\/wp\/v2\/comments?post=43"}],"version-history":[{"count":2,"href":"https:\/\/podemosrepararlo.es\/index.php\/wp-json\/wp\/v2\/pages\/43\/revisions"}],"predecessor-version":[{"id":60,"href":"https:\/\/podemosrepararlo.es\/index.php\/wp-json\/wp\/v2\/pages\/43\/revisions\/60"}],"wp:attachment":[{"href":"https:\/\/podemosrepararlo.es\/index.php\/wp-json\/wp\/v2\/media?parent=43"}],"curies":[{"name":"wp","href":"https:\/\/api.w.org\/{rel}","templated":true}]}}