{"id":44,"date":"2024-06-14T18:07:27","date_gmt":"2024-06-14T18:07:27","guid":{"rendered":"https:\/\/podemosrepararlo.es\/?page_id=44"},"modified":"2024-06-14T18:30:03","modified_gmt":"2024-06-14T18:30:03","slug":"politica-de-privacidad","status":"publish","type":"page","link":"https:\/\/podemosrepararlo.es\/index.php\/politica-de-privacidad\/","title":{"rendered":"Pol\u00edtica de privacidad"},"content":{"rendered":"\n<h2 class=\"wp-block-heading\">Pol\u00edtica de Privacidad<\/h2>\n\n\n\n<p class=\"wp-block-paragraph\"><strong>Fecha de entrada en vigor: 14 de junio de 2024<\/strong><\/p>\n\n\n\n<p class=\"wp-block-paragraph\">En <a href=\"http:\/\/www.podemosreparalo.es\">www.podemosreparalo.es<\/a>, valoramos y respetamos su privacidad. Esta pol\u00edtica de privacidad describe c\u00f3mo recopilamos, usamos y protegemos su informaci\u00f3n personal.<\/p>\n\n\n\n<h3 class=\"wp-block-heading\">Informaci\u00f3n de Contacto<\/h3>\n\n\n\n<ul class=\"wp-block-list\">\n<li><strong>Responsable del Tratamiento<\/strong>: Cristian Llorca Matas<\/li>\n\n\n\n<li><strong>Direcci\u00f3n<\/strong>: C\/Monta\u00f1a, 12, 03699 Alicante<\/li>\n\n\n\n<li><strong>Correo Electr\u00f3nico<\/strong>: <a>podemosreparalo@gmail.com<\/a><\/li>\n\n\n\n<li><strong>Tel\u00e9fono<\/strong>: 688 706 800<\/li>\n<\/ul>\n\n\n\n<h3 class=\"wp-block-heading\">Informaci\u00f3n que Recopilamos<\/h3>\n\n\n\n<p class=\"wp-block-paragraph\">Recopilamos informaci\u00f3n personal \u00fanicamente a trav\u00e9s del formulario de contacto en nuestro sitio web. La informaci\u00f3n que recopilamos puede incluir:<\/p>\n\n\n\n<ul class=\"wp-block-list\">\n<li>Nombre<\/li>\n\n\n\n<li>Direcci\u00f3n de correo electr\u00f3nico<\/li>\n\n\n\n<li>N\u00famero de tel\u00e9fono<\/li>\n\n\n\n<li>Cualquier otra informaci\u00f3n que decida proporcionarnos en el formulario de contacto.<\/li>\n<\/ul>\n\n\n\n<h3 class=\"wp-block-heading\">Uso de la Informaci\u00f3n<\/h3>\n\n\n\n<p class=\"wp-block-paragraph\">La informaci\u00f3n que recopilamos se utilizar\u00e1 exclusivamente para responder a sus consultas y proporcionar la asistencia solicitada. No usaremos su informaci\u00f3n para ning\u00fan otro prop\u00f3sito.<\/p>\n\n\n\n<h3 class=\"wp-block-heading\">Compartici\u00f3n de la Informaci\u00f3n<\/h3>\n\n\n\n<p class=\"wp-block-paragraph\">No compartimos su informaci\u00f3n personal con terceros. No realizamos env\u00edos de marketing ni vendemos su informaci\u00f3n a terceros.<\/p>\n\n\n\n<h3 class=\"wp-block-heading\">Cookies<\/h3>\n\n\n\n<p class=\"wp-block-paragraph\">Nuestro sitio web utiliza cookies proporcionadas por defecto por la plataforma WordPress para mejorar la experiencia del usuario. Las cookies son peque\u00f1os archivos de texto que se almacenan en su dispositivo para ayudar a nuestro sitio web a funcionar correctamente. No utilizamos cookies para recopilar informaci\u00f3n personal.<\/p>\n\n\n\n<h3 class=\"wp-block-heading\">Derechos de los Usuarios<\/h3>\n\n\n\n<p class=\"wp-block-paragraph\">Usted tiene derecho a acceder, rectificar, cancelar y oponerse al tratamiento de sus datos personales. Para ejercer estos derechos, puede ponerse en contacto con nosotros en <a>podemosreparalo@gmail.com<\/a>.<\/p>\n\n\n\n<h3 class=\"wp-block-heading\">Protecci\u00f3n de la Informaci\u00f3n<\/h3>\n\n\n\n<p class=\"wp-block-paragraph\">Implementamos medidas de seguridad adecuadas para proteger su informaci\u00f3n personal contra el acceso no autorizado, la alteraci\u00f3n, la divulgaci\u00f3n o la destrucci\u00f3n.<\/p>\n\n\n\n<h3 class=\"wp-block-heading\">Cambios en la Pol\u00edtica de Privacidad<\/h3>\n\n\n\n<p class=\"wp-block-paragraph\">Nos reservamos el derecho a actualizar esta pol\u00edtica de privacidad en cualquier momento. Cualquier cambio ser\u00e1 publicado en esta p\u00e1gina con una nueva fecha de entrada en vigor.<\/p>\n\n\n\n<p class=\"wp-block-paragraph\">Para cualquier pregunta o consulta sobre nuestra pol\u00edtica de privacidad, por favor, p\u00f3ngase en contacto con nosotros en <a>podemosreparalo@gmail.com<\/a>.<\/p>\n\n\n\n<p class=\"wp-block-paragraph\"><\/p>\n","protected":false},"excerpt":{"rendered":"<p>Pol\u00edtica de Privacidad Fecha de entrada en vigor: 14 de junio de 2024 En www.podemosreparalo.es, valoramos y respetamos su privacidad. Esta pol\u00edtica de privacidad describe c\u00f3mo recopilamos, usamos y protegemos su informaci\u00f3n personal. Informaci\u00f3n de Contacto Informaci\u00f3n que Recopilamos Recopilamos informaci\u00f3n personal \u00fanicamente a trav\u00e9s del formulario de contacto en nuestro sitio web. La informaci\u00f3n<span class=\"post-excerpt-end\">&hellip;<\/span><\/p>\n<p class=\"more-link\"><a href=\"https:\/\/podemosrepararlo.es\/index.php\/politica-de-privacidad\/\" class=\"themebutton\">Leer m\u00e1s<\/a><\/p>\n","protected":false},"author":1,"featured_media":0,"parent":0,"menu_order":0,"comment_status":"closed","ping_status":"closed","template":"","meta":{"_crdt_document":"","_uag_custom_page_level_css":"","footnotes":""},"class_list":["post-44","page","type-page","status-publish","hentry"],"uagb_featured_image_src":{"full":false,"thumbnail":false,"medium":false,"medium_large":false,"large":false,"1536x1536":false,"2048x2048":false,"shuttle-column1-1\/3":false,"shuttle-column1-1\/4":false,"shuttle-column2-1\/2":false,"shuttle-column2-2\/3":false,"shuttle-column3-1\/3":false,"shuttle-column3-2\/3":false,"shuttle-column4-2\/3":false},"uagb_author_info":{"display_name":"admin","author_link":"https:\/\/podemosrepararlo.es\/index.php\/author\/i303185\/"},"uagb_comment_info":0,"uagb_excerpt":"Pol\u00edtica de Privacidad Fecha de entrada en vigor: 14 de junio de 2024 En www.podemosreparalo.es, valoramos y respetamos su privacidad. Esta pol\u00edtica de privacidad describe c\u00f3mo recopilamos, usamos y protegemos su informaci\u00f3n personal. Informaci\u00f3n de Contacto Informaci\u00f3n que Recopilamos Recopilamos informaci\u00f3n personal \u00fanicamente a trav\u00e9s del formulario de contacto en nuestro sitio web. La informaci\u00f3n&hellip;Leer&hellip;","_links":{"self":[{"href":"https:\/\/podemosrepararlo.es\/index.php\/wp-json\/wp\/v2\/pages\/44","targetHints":{"allow":["GET"]}}],"collection":[{"href":"https:\/\/podemosrepararlo.es\/index.php\/wp-json\/wp\/v2\/pages"}],"about":[{"href":"https:\/\/podemosrepararlo.es\/index.php\/wp-json\/wp\/v2\/types\/page"}],"author":[{"embeddable":true,"href":"https:\/\/podemosrepararlo.es\/index.php\/wp-json\/wp\/v2\/users\/1"}],"replies":[{"embeddable":true,"href":"https:\/\/podemosrepararlo.es\/index.php\/wp-json\/wp\/v2\/comments?post=44"}],"version-history":[{"count":2,"href":"https:\/\/podemosrepararlo.es\/index.php\/wp-json\/wp\/v2\/pages\/44\/revisions"}],"predecessor-version":[{"id":59,"href":"https:\/\/podemosrepararlo.es\/index.php\/wp-json\/wp\/v2\/pages\/44\/revisions\/59"}],"wp:attachment":[{"href":"https:\/\/podemosrepararlo.es\/index.php\/wp-json\/wp\/v2\/media?parent=44"}],"curies":[{"name":"wp","href":"https:\/\/api.w.org\/{rel}","templated":true}]}}