{"id":45,"date":"2024-06-14T18:07:27","date_gmt":"2024-06-14T18:07:27","guid":{"rendered":"https:\/\/podemosrepararlo.es\/?page_id=45"},"modified":"2024-11-10T08:25:12","modified_gmt":"2024-11-10T08:25:12","slug":"avisos-legales","status":"publish","type":"page","link":"https:\/\/podemosrepararlo.es\/index.php\/avisos-legales\/","title":{"rendered":"Aviso legal"},"content":{"rendered":"\n<h2 class=\"wp-block-heading\">Aviso Legal<\/h2>\n\n\n\n<p class=\"wp-block-paragraph\"><strong>Fecha de entrada en vigor: 14 de junio de 2024<\/strong><\/p>\n\n\n\n<h3 class=\"wp-block-heading\">Informaci\u00f3n General<\/h3>\n\n\n\n<p class=\"wp-block-paragraph\">En cumplimiento con el deber de informaci\u00f3n recogido en el art\u00edculo 10 de la Ley 34\/2002, de 11 de julio, de Servicios de la Sociedad de la Informaci\u00f3n y del Comercio Electr\u00f3nico, a continuaci\u00f3n se reflejan los siguientes datos:<\/p>\n\n\n\n<ul class=\"wp-block-list\">\n<li><strong>Responsable del Sitio Web<\/strong>: Cristian Llorca Matas<\/li>\n\n\n\n<li><strong>Direcci\u00f3n<\/strong>: Camino de los Ferr\u00e1ndiz, 14. 03699. San Vicente del Raspeig<\/li>\n\n\n\n<li><strong>Tel\u00e9fono<\/strong>: 688 706 200<\/li>\n\n\n\n<li><strong>Correo Electr\u00f3nico<\/strong>: <a>podemosreparalo@gmail.com<\/a><\/li>\n<\/ul>\n\n\n\n<h3 class=\"wp-block-heading\">Actividad del Sitio Web<\/h3>\n\n\n\n<p class=\"wp-block-paragraph\">El sitio web <a href=\"http:\/\/www.podemosreparalo.es\">www.podemosreparalo.es<\/a> ofrece servicios de venta y reparaci\u00f3n de telefon\u00eda m\u00f3vil, tablets, ordenadores y c\u00e1maras de vigilancia.<\/p>\n\n\n\n<h3 class=\"wp-block-heading\">Condiciones de Uso<\/h3>\n\n\n\n<p class=\"wp-block-paragraph\">El acceso y\/o uso de este portal atribuye la condici\u00f3n de usuario, que acepta, desde dicho acceso y\/o uso, las condiciones generales de uso aqu\u00ed reflejadas. Estas condiciones ser\u00e1n de aplicaci\u00f3n independientemente de las condiciones generales de contrataci\u00f3n que en su caso resulten de obligado cumplimiento.<\/p>\n\n\n\n<h3 class=\"wp-block-heading\">Responsabilidad<\/h3>\n\n\n\n<p class=\"wp-block-paragraph\">El responsable del sitio web no se hace responsable de la informaci\u00f3n y contenidos almacenados en foros, redes sociales o cualesquiera otros medios que permitan a terceros publicar contenidos de forma independiente en la p\u00e1gina web. No obstante, se compromete a la retirada o, en su caso, bloqueo de aquellos contenidos que pudieran contravenir la legislaci\u00f3n nacional o internacional, derechos de terceros o la moral y el orden p\u00fablico.<\/p>\n\n\n\n<h3 class=\"wp-block-heading\">Propiedad Intelectual e Industrial<\/h3>\n\n\n\n<p class=\"wp-block-paragraph\">El dise\u00f1o del portal y sus c\u00f3digos fuente, as\u00ed como los logos, marcas y dem\u00e1s signos distintivos que aparecen en el mismo, pertenecen a Cristian Llorca Matas y est\u00e1n protegidos por los correspondientes derechos de propiedad intelectual e industrial.<\/p>\n\n\n\n<h3 class=\"wp-block-heading\">Protecci\u00f3n de Datos Personales<\/h3>\n\n\n\n<p class=\"wp-block-paragraph\">No se incluyen datos personales en ning\u00fan fichero. Los datos recogidos a trav\u00e9s del formulario de contacto son destruidos una vez se ha contactado con los clientes, salvo en los casos en que se realice una reparaci\u00f3n, en cuyo caso \u00fanicamente se conserva el n\u00famero de tel\u00e9fono del cliente para futuros contactos relacionados con dicha reparaci\u00f3n. Para m\u00e1s informaci\u00f3n, consulte nuestra <a href=\"#\">Pol\u00edtica de Privacidad<\/a>.<\/p>\n\n\n\n<h3 class=\"wp-block-heading\">Ley Aplicable y Jurisdicci\u00f3n<\/h3>\n\n\n\n<p class=\"wp-block-paragraph\">Para la resoluci\u00f3n de todas las controversias o cuestiones relacionadas con el presente sitio web o de las actividades en \u00e9l desarrolladas, ser\u00e1 de aplicaci\u00f3n la legislaci\u00f3n espa\u00f1ola, a la que se someten expresamente las partes, siendo competentes para la resoluci\u00f3n de todos los conflictos derivados o relacionados con su uso los Juzgados y Tribunales de San Vicente del Raspeig, Alicante.<\/p>\n","protected":false},"excerpt":{"rendered":"<p>Aviso Legal Fecha de entrada en vigor: 14 de junio de 2024 Informaci\u00f3n General En cumplimiento con el deber de informaci\u00f3n recogido en el art\u00edculo 10 de la Ley 34\/2002, de 11 de julio, de Servicios de la Sociedad de la Informaci\u00f3n y del Comercio Electr\u00f3nico, a continuaci\u00f3n se reflejan los siguientes datos: Actividad del<span class=\"post-excerpt-end\">&hellip;<\/span><\/p>\n<p class=\"more-link\"><a href=\"https:\/\/podemosrepararlo.es\/index.php\/avisos-legales\/\" class=\"themebutton\">Leer m\u00e1s<\/a><\/p>\n","protected":false},"author":1,"featured_media":0,"parent":0,"menu_order":0,"comment_status":"closed","ping_status":"closed","template":"","meta":{"_crdt_document":"","_uag_custom_page_level_css":"","footnotes":""},"class_list":["post-45","page","type-page","status-publish","hentry"],"uagb_featured_image_src":{"full":false,"thumbnail":false,"medium":false,"medium_large":false,"large":false,"1536x1536":false,"2048x2048":false,"shuttle-column1-1\/3":false,"shuttle-column1-1\/4":false,"shuttle-column2-1\/2":false,"shuttle-column2-2\/3":false,"shuttle-column3-1\/3":false,"shuttle-column3-2\/3":false,"shuttle-column4-2\/3":false},"uagb_author_info":{"display_name":"admin","author_link":"https:\/\/podemosrepararlo.es\/index.php\/author\/i303185\/"},"uagb_comment_info":0,"uagb_excerpt":"Aviso Legal Fecha de entrada en vigor: 14 de junio de 2024 Informaci\u00f3n General En cumplimiento con el deber de informaci\u00f3n recogido en el art\u00edculo 10 de la Ley 34\/2002, de 11 de julio, de Servicios de la Sociedad de la Informaci\u00f3n y del Comercio Electr\u00f3nico, a continuaci\u00f3n se reflejan los siguientes datos: Actividad del&hellip;Leer&hellip;","_links":{"self":[{"href":"https:\/\/podemosrepararlo.es\/index.php\/wp-json\/wp\/v2\/pages\/45","targetHints":{"allow":["GET"]}}],"collection":[{"href":"https:\/\/podemosrepararlo.es\/index.php\/wp-json\/wp\/v2\/pages"}],"about":[{"href":"https:\/\/podemosrepararlo.es\/index.php\/wp-json\/wp\/v2\/types\/page"}],"author":[{"embeddable":true,"href":"https:\/\/podemosrepararlo.es\/index.php\/wp-json\/wp\/v2\/users\/1"}],"replies":[{"embeddable":true,"href":"https:\/\/podemosrepararlo.es\/index.php\/wp-json\/wp\/v2\/comments?post=45"}],"version-history":[{"count":5,"href":"https:\/\/podemosrepararlo.es\/index.php\/wp-json\/wp\/v2\/pages\/45\/revisions"}],"predecessor-version":[{"id":75,"href":"https:\/\/podemosrepararlo.es\/index.php\/wp-json\/wp\/v2\/pages\/45\/revisions\/75"}],"wp:attachment":[{"href":"https:\/\/podemosrepararlo.es\/index.php\/wp-json\/wp\/v2\/media?parent=45"}],"curies":[{"name":"wp","href":"https:\/\/api.w.org\/{rel}","templated":true}]}}